{"id":18,"date":"2022-03-09T20:51:13","date_gmt":"2022-03-09T20:51:13","guid":{"rendered":"https:\/\/cpaleo.uqam.ca\/?page_id=18"},"modified":"2024-07-31T14:34:51","modified_gmt":"2024-07-31T14:34:51","slug":"contact","status":"publish","type":"page","link":"https:\/\/cpaleo.uqam.ca\/en\/contact\/","title":{"rendered":"Contact"},"content":{"rendered":"<div class=\"wp-block-cover alignfull is-light has-custom-content-position is-position-top-center\" style=\"min-height:250px;aspect-ratio:unset;\"><span aria-hidden=\"true\" class=\"wp-block-cover__background has-background-dim-0 has-background-dim\"><\/span><img loading=\"lazy\" decoding=\"async\" width=\"2272\" height=\"1704\" class=\"wp-block-cover__image-background wp-image-361\" alt=\"\" src=\"https:\/\/cpaleo.uqam.ca\/wp-content\/uploads\/2022\/03\/Laforge7_Ours-1.jpg\" style=\"object-position:53% 25%\" data-object-fit=\"cover\" data-object-position=\"53% 25%\" srcset=\"https:\/\/cpaleo.uqam.ca\/wp-content\/uploads\/2022\/03\/Laforge7_Ours-1.jpg 2272w, https:\/\/cpaleo.uqam.ca\/wp-content\/uploads\/2022\/03\/Laforge7_Ours-1-300x225.jpg 300w, https:\/\/cpaleo.uqam.ca\/wp-content\/uploads\/2022\/03\/Laforge7_Ours-1-1024x768.jpg 1024w, https:\/\/cpaleo.uqam.ca\/wp-content\/uploads\/2022\/03\/Laforge7_Ours-1-768x576.jpg 768w, https:\/\/cpaleo.uqam.ca\/wp-content\/uploads\/2022\/03\/Laforge7_Ours-1-1536x1152.jpg 1536w, https:\/\/cpaleo.uqam.ca\/wp-content\/uploads\/2022\/03\/Laforge7_Ours-1-2048x1536.jpg 2048w\" sizes=\"auto, (max-width: 2272px) 100vw, 2272px\" \/><div class=\"wp-block-cover__inner-container is-layout-flow wp-block-cover-is-layout-flow\">\n<p class=\"has-text-align-center\" style=\"font-size:30px\"><\/p>\n<\/div><\/div>\n\n\n\n<h2 class=\"wp-block-heading has-text-align-center\">Contact<\/h2>\n\n\n\n<div class=\"wp-block-columns is-layout-flex wp-container-core-columns-is-layout-9d6595d7 wp-block-columns-is-layout-flex\">\n<div class=\"wp-block-column is-layout-flow wp-block-column-is-layout-flow\">\n<figure class=\"wp-block-gallery has-nested-images columns-default is-cropped wp-block-gallery-1 is-layout-flex wp-block-gallery-is-layout-flex\">\n<figure class=\"wp-block-image size-full\"><img loading=\"lazy\" decoding=\"async\" width=\"1000\" height=\"900\" data-id=\"1807\" src=\"https:\/\/cpaleo.uqam.ca\/wp-content\/uploads\/2023\/06\/carte_uqam_2x-2.png\" alt=\"\" class=\"wp-image-1807\" srcset=\"https:\/\/cpaleo.uqam.ca\/wp-content\/uploads\/2023\/06\/carte_uqam_2x-2.png 1000w, https:\/\/cpaleo.uqam.ca\/wp-content\/uploads\/2023\/06\/carte_uqam_2x-2-300x270.png 300w, https:\/\/cpaleo.uqam.ca\/wp-content\/uploads\/2023\/06\/carte_uqam_2x-2-768x691.png 768w\" sizes=\"auto, (max-width: 1000px) 100vw, 1000px\" \/><\/figure>\n<\/figure>\n<\/div>\n\n\n\n<div class=\"wp-block-column is-layout-flow wp-block-column-is-layout-flow\">\n<p><strong>C-PALEO Laboratory<\/strong><br>201 ave Pr\u00e9sident Kennedy (Pavillon PK)<br>7th floor, Room PK-7270<br>Montr\u00e9al, Qu\u00e9bec<br>H2X 3Y7<\/p>\n\n\n\n<p><strong>If you have any questions, please contact<\/strong> :<\/p>\n\n\n\n<p><strong>Michelle Garneau<\/strong><br>Room: PK-7158<br>Phone: (514) 987-3000 ext. 1933<br>Email: <a rel=\"noreferrer noopener\" href=\"mailto:garneau.michelle@uqam.ca\" target=\"_blank\">garneau.michelle@uqam.ca<\/a><br>Mailing address:<br>                               Geotop-UQAM<br>                               C.P. 8888, Succ. Centre-Ville<br>                               Montr\u00e9al, QC<br>                               H3C 3P8<\/p>\n\n\n\n<div class=\"wp-block-group\"><div class=\"wp-block-group__inner-container is-layout-constrained wp-block-group-is-layout-constrained\">\n<div class=\"wp-block-group is-vertical is-layout-flex wp-container-core-group-is-layout-b7faace9 wp-block-group-is-layout-flex\">\n<p class=\"has-text-align-left\"><strong>L\u00e9onie Perrier<\/strong><br>Email: <a href=\"mailto:perrier.leonie@uqam.ca\" data-type=\"mailto\" data-id=\"mailto:perrier.leonie@uqam.ca\" target=\"_blank\" rel=\"noreferrer noopener\">perrier.leonie@uqam.ca<\/a> <\/p>\n\n\n\n<p class=\"has-text-align-left\">Local\u00a0: SB-1825<\/p>\n<\/div>\n<\/div><\/div>\n<\/div>\n<\/div>\n\n\n\n<p><\/p>","protected":false},"excerpt":{"rendered":"<p>Contact Laboratoire C-PALEO201 ave Pr\u00e9sident Kennedy (Pavillon PK)7e \u00e9tage, Local PK-7270Montr\u00e9al, Qu\u00e9becH2X 3Y7 Pour toute question, veuillez contacter : Michelle GarneauLocal: PK-7158T\u00e9l\u00e9phone: (514) 987-3000 poste 1933Courriel: garneau.michelle@uqam.caAdresse postale: Geotop-UQAM C.P. 8888, Succ. Centre-Ville Montr\u00e9al, QC H3C 3P8 L\u00e9onie PerrierCourriel : perrier.leonie@uqam.ca Local\u00a0: SB-1825<\/p>","protected":false},"author":4,"featured_media":0,"parent":0,"menu_order":0,"comment_status":"closed","ping_status":"closed","template":"","meta":{"_kad_post_transparent":"","_kad_post_title":"","_kad_post_layout":"","_kad_post_sidebar_id":"","_kad_post_content_style":"","_kad_post_vertical_padding":"","_kad_post_feature":"","_kad_post_feature_position":"","_kad_post_header":false,"_kad_post_footer":false,"_kad_post_classname":"","footnotes":""},"class_list":["post-18","page","type-page","status-publish","hentry"],"_links":{"self":[{"href":"https:\/\/cpaleo.uqam.ca\/en\/wp-json\/wp\/v2\/pages\/18","targetHints":{"allow":["GET"]}}],"collection":[{"href":"https:\/\/cpaleo.uqam.ca\/en\/wp-json\/wp\/v2\/pages"}],"about":[{"href":"https:\/\/cpaleo.uqam.ca\/en\/wp-json\/wp\/v2\/types\/page"}],"author":[{"embeddable":true,"href":"https:\/\/cpaleo.uqam.ca\/en\/wp-json\/wp\/v2\/users\/4"}],"replies":[{"embeddable":true,"href":"https:\/\/cpaleo.uqam.ca\/en\/wp-json\/wp\/v2\/comments?post=18"}],"version-history":[{"count":28,"href":"https:\/\/cpaleo.uqam.ca\/en\/wp-json\/wp\/v2\/pages\/18\/revisions"}],"predecessor-version":[{"id":2153,"href":"https:\/\/cpaleo.uqam.ca\/en\/wp-json\/wp\/v2\/pages\/18\/revisions\/2153"}],"wp:attachment":[{"href":"https:\/\/cpaleo.uqam.ca\/en\/wp-json\/wp\/v2\/media?parent=18"}],"curies":[{"name":"wp","href":"https:\/\/api.w.org\/{rel}","templated":true}]}}