{"id":119,"date":"2022-03-14T20:32:32","date_gmt":"2022-03-14T20:32:32","guid":{"rendered":"https:\/\/cpaleo.uqam.ca\/?page_id=119"},"modified":"2024-07-31T14:23:53","modified_gmt":"2024-07-31T14:23:53","slug":"professionnels","status":"publish","type":"page","link":"https:\/\/cpaleo.uqam.ca\/en\/professionnels\/","title":{"rendered":"Professionnels"},"content":{"rendered":"<div class=\"wp-block-cover alignfull is-light has-custom-content-position is-position-top-center\" style=\"min-height:250px;aspect-ratio:unset;\"><span aria-hidden=\"true\" class=\"wp-block-cover__background has-background-dim-0 has-background-dim\"><\/span><img loading=\"lazy\" decoding=\"async\" width=\"2272\" height=\"1704\" class=\"wp-block-cover__image-background wp-image-361\" alt=\"\" src=\"https:\/\/cpaleo.uqam.ca\/wp-content\/uploads\/2022\/03\/Laforge7_Ours-1.jpg\" style=\"object-position:53% 25%\" data-object-fit=\"cover\" data-object-position=\"53% 25%\" srcset=\"https:\/\/cpaleo.uqam.ca\/wp-content\/uploads\/2022\/03\/Laforge7_Ours-1.jpg 2272w, https:\/\/cpaleo.uqam.ca\/wp-content\/uploads\/2022\/03\/Laforge7_Ours-1-300x225.jpg 300w, https:\/\/cpaleo.uqam.ca\/wp-content\/uploads\/2022\/03\/Laforge7_Ours-1-1024x768.jpg 1024w, https:\/\/cpaleo.uqam.ca\/wp-content\/uploads\/2022\/03\/Laforge7_Ours-1-768x576.jpg 768w, https:\/\/cpaleo.uqam.ca\/wp-content\/uploads\/2022\/03\/Laforge7_Ours-1-1536x1152.jpg 1536w, https:\/\/cpaleo.uqam.ca\/wp-content\/uploads\/2022\/03\/Laforge7_Ours-1-2048x1536.jpg 2048w\" sizes=\"auto, (max-width: 2272px) 100vw, 2272px\" \/><div class=\"wp-block-cover__inner-container is-layout-flow wp-block-cover-is-layout-flow\">\n<p class=\"has-text-align-center\" style=\"font-size:30px\"><\/p>\n<\/div><\/div>\n\n\n\n<p class=\"has-text-align-center\" style=\"font-size:30px\">Current research professionals<\/p>\n\n\n\n<div class=\"wp-block-media-text alignwide is-stacked-on-mobile\"><figure class=\"wp-block-media-text__media\"><img loading=\"lazy\" decoding=\"async\" width=\"1024\" height=\"768\" src=\"https:\/\/cpaleo.uqam.ca\/wp-content\/uploads\/2024\/07\/IMG_20220518_165523-min-1-1024x768.jpg\" alt=\"\" class=\"wp-image-1987 size-full\" srcset=\"https:\/\/cpaleo.uqam.ca\/wp-content\/uploads\/2024\/07\/IMG_20220518_165523-min-1-1024x768.jpg 1024w, https:\/\/cpaleo.uqam.ca\/wp-content\/uploads\/2024\/07\/IMG_20220518_165523-min-1-300x225.jpg 300w, https:\/\/cpaleo.uqam.ca\/wp-content\/uploads\/2024\/07\/IMG_20220518_165523-min-1-768x576.jpg 768w, https:\/\/cpaleo.uqam.ca\/wp-content\/uploads\/2024\/07\/IMG_20220518_165523-min-1-1536x1152.jpg 1536w, https:\/\/cpaleo.uqam.ca\/wp-content\/uploads\/2024\/07\/IMG_20220518_165523-min-1-2048x1536.jpg 2048w, https:\/\/cpaleo.uqam.ca\/wp-content\/uploads\/2024\/07\/IMG_20220518_165523-min-1-16x12.jpg 16w\" sizes=\"auto, (max-width: 1024px) 100vw, 1024px\" \/><\/figure><div class=\"wp-block-media-text__content\">\n<p class=\"has-medium-font-size\">David Trejo (B. Sc.) | Research support professional, CARBONIC project (2024 - present)&nbsp;&nbsp;<\/p>\n\n\n\n<p>Member of GEOTOP and GRIL<br>Email: <a href=\"mailto:perrier.leonie@uqam.ca\" data-type=\"mailto\" data-id=\"mailto:perrier.leonie@uqam.ca\" target=\"_blank\" rel=\"noreferrer noopener\">trejo_cancino.david_ulises@uqam.ca<\/a><br>Local&nbsp;: SB-2210<\/p>\n\n\n\n<p>Installation, maintenance and use of advanced equipment to guarantee accurate data collection. Calibration of scientific equipment and database maintenance.                           <a href=\"https:\/\/cpaleo.uqam.ca\/en\/etude-des-bilans-de-carbone-dans-les-milieux-humides-naturels-et-perturbes-du-quebec-meridional\/\" data-type=\"link\" data-id=\"https:\/\/cpaleo.uqam.ca\/etude-des-bilans-de-carbone-dans-les-milieux-humides-naturels-et-perturbes-du-quebec-meridional\/\" target=\"_blank\" rel=\"noreferrer noopener\">Learn more about the project\u00a0<\/a><\/p>\n<\/div><\/div>\n\n\n\n<div class=\"wp-block-media-text alignwide is-stacked-on-mobile\"><figure class=\"wp-block-media-text__media\"><img loading=\"lazy\" decoding=\"async\" width=\"1024\" height=\"768\" src=\"https:\/\/cpaleo.uqam.ca\/wp-content\/uploads\/2024\/07\/IMG_20240611_092652248-min-1-1024x768.jpg\" alt=\"\" class=\"wp-image-1986 size-full\" srcset=\"https:\/\/cpaleo.uqam.ca\/wp-content\/uploads\/2024\/07\/IMG_20240611_092652248-min-1-1024x768.jpg 1024w, https:\/\/cpaleo.uqam.ca\/wp-content\/uploads\/2024\/07\/IMG_20240611_092652248-min-1-300x225.jpg 300w, https:\/\/cpaleo.uqam.ca\/wp-content\/uploads\/2024\/07\/IMG_20240611_092652248-min-1-768x576.jpg 768w, https:\/\/cpaleo.uqam.ca\/wp-content\/uploads\/2024\/07\/IMG_20240611_092652248-min-1-1536x1152.jpg 1536w, https:\/\/cpaleo.uqam.ca\/wp-content\/uploads\/2024\/07\/IMG_20240611_092652248-min-1-2048x1536.jpg 2048w, https:\/\/cpaleo.uqam.ca\/wp-content\/uploads\/2024\/07\/IMG_20240611_092652248-min-1-16x12.jpg 16w\" sizes=\"auto, (max-width: 1024px) 100vw, 1024px\" \/><\/figure><div class=\"wp-block-media-text__content\">\n<p class=\"has-medium-font-size\">Martina Schlaipfer (M. Sc.) | Research professional (2024 - present)&nbsp;&nbsp;<\/p>\n\n\n\n<p>Member of GEOTOP and GRIL<br>Email: <a href=\"mailto:perrier.leonie@uqam.ca\" data-type=\"mailto\" data-id=\"mailto:perrier.leonie@uqam.ca\" target=\"_blank\" rel=\"noreferrer noopener\">schlaipfer.martina@uqam.ca<\/a><br>Local&nbsp;: SB-1840<\/p>\n\n\n\n<p class=\"has-text-align-left\">Scientific coordinator of the CARBONIQUE project.<br>Participation in several projects related to greenhouse gas exchange in disturbed and rewetted agricultural peatlands in Germany. Eddy covariance and chamber flux measurements.                                    <a href=\"https:\/\/cpaleo.uqam.ca\/en\/etude-des-bilans-de-carbone-dans-les-milieux-humides-naturels-et-perturbes-du-quebec-meridional\/\" data-type=\"link\" data-id=\"https:\/\/cpaleo.uqam.ca\/etude-des-bilans-de-carbone-dans-les-milieux-humides-naturels-et-perturbes-du-quebec-meridional\/\" target=\"_blank\" rel=\"noreferrer noopener\">Learn more about the project\u00a0<\/a><br><\/p>\n<\/div><\/div>\n\n\n\n<div class=\"wp-block-media-text alignwide is-stacked-on-mobile\"><figure class=\"wp-block-media-text__media\"><img loading=\"lazy\" decoding=\"async\" width=\"1024\" height=\"768\" src=\"https:\/\/cpaleo.uqam.ca\/wp-content\/uploads\/2024\/07\/6040022-min-3-1024x768.jpg\" alt=\"\" class=\"wp-image-1985 size-full\" srcset=\"https:\/\/cpaleo.uqam.ca\/wp-content\/uploads\/2024\/07\/6040022-min-3-1024x768.jpg 1024w, https:\/\/cpaleo.uqam.ca\/wp-content\/uploads\/2024\/07\/6040022-min-3-300x225.jpg 300w, https:\/\/cpaleo.uqam.ca\/wp-content\/uploads\/2024\/07\/6040022-min-3-768x576.jpg 768w, https:\/\/cpaleo.uqam.ca\/wp-content\/uploads\/2024\/07\/6040022-min-3-1536x1152.jpg 1536w, https:\/\/cpaleo.uqam.ca\/wp-content\/uploads\/2024\/07\/6040022-min-3-2048x1536.jpg 2048w, https:\/\/cpaleo.uqam.ca\/wp-content\/uploads\/2024\/07\/6040022-min-3-16x12.jpg 16w\" sizes=\"auto, (max-width: 1024px) 100vw, 1024px\" \/><\/figure><div class=\"wp-block-media-text__content\">\n<p class=\"has-medium-font-size\">Tiina Kolari (Ph.D.) | Postdoctoral intern (2024 - present)&nbsp;&nbsp;<\/p>\n\n\n\n<p>GEOTOP member <br>Email: <a href=\"mailto:perrier.leonie@uqam.ca\" data-type=\"mailto\" data-id=\"mailto:perrier.leonie@uqam.ca\" target=\"_blank\" rel=\"noreferrer noopener\">kolari.tiina@uqam.ca<\/a><br>Local&nbsp;: SB-1840<\/p>\n\n\n\n<p>\u00c9tudie le stockage du carbone et changements r\u00e9cents dans les tourbi\u00e8res du parc national Wapusk, basses terres de la baie d&rsquo;Hudson.      <a href=\"https:\/\/cpaleo.uqam.ca\/en\/quantification-du-carbone-dans-les-tourbieres-a-pergelisol-dans-la-region-de-churchill-wapusk\/\" data-type=\"link\" data-id=\"https:\/\/cpaleo.uqam.ca\/quantification-du-carbone-dans-les-tourbieres-a-pergelisol-dans-la-region-de-churchill-wapusk\/\" target=\"_blank\" rel=\"noreferrer noopener\">Learn more about the project\u00a0<\/a><\/p>\n<\/div><\/div>\n\n\n\n<div class=\"wp-block-media-text alignwide is-stacked-on-mobile\"><figure class=\"wp-block-media-text__media\"><img loading=\"lazy\" decoding=\"async\" width=\"1024\" height=\"768\" src=\"https:\/\/cpaleo.uqam.ca\/wp-content\/uploads\/2024\/07\/thumbnail_image-1-1024x768.jpg\" alt=\"\" class=\"wp-image-2119 size-full\" srcset=\"https:\/\/cpaleo.uqam.ca\/wp-content\/uploads\/2024\/07\/thumbnail_image-1-1024x768.jpg 1024w, https:\/\/cpaleo.uqam.ca\/wp-content\/uploads\/2024\/07\/thumbnail_image-1-300x225.jpg 300w, https:\/\/cpaleo.uqam.ca\/wp-content\/uploads\/2024\/07\/thumbnail_image-1-768x576.jpg 768w, https:\/\/cpaleo.uqam.ca\/wp-content\/uploads\/2024\/07\/thumbnail_image-1-16x12.jpg 16w, https:\/\/cpaleo.uqam.ca\/wp-content\/uploads\/2024\/07\/thumbnail_image-1.jpg 1500w\" sizes=\"auto, (max-width: 1024px) 100vw, 1024px\" \/><\/figure><div class=\"wp-block-media-text__content\">\n<p class=\"has-medium-font-size\">Dalton April Sue (Ph. D.) | Stagiaire postdoctoral (2024 &#8211; \u00e0 ce jour)&nbsp;<\/p>\n\n\n\n<p><br>Email: <a href=\"mailto:perrier.leonie@uqam.ca\" data-type=\"mailto\" data-id=\"mailto:perrier.leonie@uqam.ca\" target=\"_blank\" rel=\"noreferrer noopener\">dalton.april_sue@uqam.ca<\/a><br><\/p>\n\n\n\n<p>Cartographie des stocks de carbone des tourbi\u00e8res du Canada. <a href=\"https:\/\/cpaleo.uqam.ca\/en\/les-tourbieres-canadiennes-comme-solutions-fondees-sur-la-nature-pour-lutter-contre-les-changements-climatiques\/\" data-type=\"link\" data-id=\"https:\/\/cpaleo.uqam.ca\/les-tourbieres-canadiennes-comme-solutions-fondees-sur-la-nature-pour-lutter-contre-les-changements-climatiques\/\" target=\"_blank\" rel=\"noreferrer noopener\">Learn more about the project\u00a0<\/a><\/p>\n<\/div><\/div>\n\n\n\n<div class=\"wp-block-media-text alignwide is-stacked-on-mobile\"><figure class=\"wp-block-media-text__media\"><img loading=\"lazy\" decoding=\"async\" width=\"1024\" height=\"768\" src=\"https:\/\/cpaleo.uqam.ca\/wp-content\/uploads\/2023\/05\/Leonie_Perrier_professionnelle-1024x768.png\" alt=\"\" class=\"wp-image-1568 size-full\" srcset=\"https:\/\/cpaleo.uqam.ca\/wp-content\/uploads\/2023\/05\/Leonie_Perrier_professionnelle-1024x768.png 1024w, https:\/\/cpaleo.uqam.ca\/wp-content\/uploads\/2023\/05\/Leonie_Perrier_professionnelle-300x225.png 300w, https:\/\/cpaleo.uqam.ca\/wp-content\/uploads\/2023\/05\/Leonie_Perrier_professionnelle-768x576.png 768w, https:\/\/cpaleo.uqam.ca\/wp-content\/uploads\/2023\/05\/Leonie_Perrier_professionnelle-1536x1152.png 1536w, https:\/\/cpaleo.uqam.ca\/wp-content\/uploads\/2023\/05\/Leonie_Perrier_professionnelle-2048x1536.png 2048w\" sizes=\"auto, (max-width: 1024px) 100vw, 1024px\" \/><\/figure><div class=\"wp-block-media-text__content\">\n<p class=\"has-medium-font-size\">L\u00e9onie Perrier (M. Sc.) | Research support professional (2021 - present)&nbsp;&nbsp;<\/p>\n\n\n\n<p>Member of GEOTOP and GRIL Coordinator of the C-Paleo laboratory<br>Email: <a href=\"mailto:perrier.leonie@uqam.ca\" data-type=\"mailto\" data-id=\"mailto:perrier.leonie@uqam.ca\" target=\"_blank\" rel=\"noreferrer noopener\">perrier.leonie@uqam.ca<\/a><br>Local&nbsp;: SB-1825<\/p>\n\n\n\n<p>L\u00e9onie Perrier manages field logistics, budgets, progress reports and provides student support for several research projects on carbon stock mapping, paleoecological reconstructions and carbon budgets in wetlands (Chaire de recherche sur la sequestration du carbone par les tourbi\u00e8res et autres milieux humides d\u2019int\u00e9r\u00eats). CARBONIQUE is one of the many projects she contributes to.<\/p>\n<\/div><\/div>\n\n\n\n<div class=\"wp-block-media-text alignwide is-stacked-on-mobile\"><figure class=\"wp-block-media-text__media\"><img loading=\"lazy\" decoding=\"async\" width=\"1024\" height=\"768\" src=\"https:\/\/cpaleo.uqam.ca\/wp-content\/uploads\/2022\/04\/Gabriel_professionnel_3-1024x768.jpg\" alt=\"\" class=\"wp-image-867 size-full\" srcset=\"https:\/\/cpaleo.uqam.ca\/wp-content\/uploads\/2022\/04\/Gabriel_professionnel_3-1024x768.jpg 1024w, https:\/\/cpaleo.uqam.ca\/wp-content\/uploads\/2022\/04\/Gabriel_professionnel_3-300x225.jpg 300w, https:\/\/cpaleo.uqam.ca\/wp-content\/uploads\/2022\/04\/Gabriel_professionnel_3-768x576.jpg 768w, https:\/\/cpaleo.uqam.ca\/wp-content\/uploads\/2022\/04\/Gabriel_professionnel_3-1536x1152.jpg 1536w, https:\/\/cpaleo.uqam.ca\/wp-content\/uploads\/2022\/04\/Gabriel_professionnel_3-2048x1536.jpg 2048w\" sizes=\"auto, (max-width: 1024px) 100vw, 1024px\" \/><\/figure><div class=\"wp-block-media-text__content\">\n<p class=\"has-medium-font-size\">Gabriel Magnan (Ph. D.) | Research professional (2020 - present)&nbsp;&nbsp;<\/p>\n\n\n\n<p>GEOTOP and CEN member&nbsp;<br>Email: <a href=\"mailto:magnan.gabriel@uqam.ca\" data-type=\"mailto\" data-id=\"mailto:magnan.gabriel@uqam.ca\" target=\"_blank\" rel=\"noreferrer noopener\">magnan.gabriel@uqam.ca<\/a><br>Phone: 514\u202f987-3000 ext. 3900&nbsp;<br>Room: A-4330&nbsp;<\/p>\n\n\n\n<p>In charge of southern Qu\u00e9bec projects<br>In charge of updating the C-PALEO database<br>Carbon guide project in collaboration with MELCCFP<\/p>\n\n\n\n<p class=\"has-small-font-size\">Postdoctoral intern (2013-2020)<br><em>Recent changes (~100 years) in carbon accumulation in high-latitudes Canadian peatlands and their potential C sink capacity<\/em> (2019-2020)<br><em>Reconstitution of the initial conditions for boreal forest paludification <\/em>(2014-2017)<em><br>Carbon in boreal peatlands <\/em>(2013-2014)<\/p>\n<\/div><\/div>\n\n\n\n<div class=\"wp-block-media-text alignwide is-stacked-on-mobile\"><figure class=\"wp-block-media-text__media\"><img loading=\"lazy\" decoding=\"async\" width=\"1024\" height=\"688\" src=\"https:\/\/cpaleo.uqam.ca\/wp-content\/uploads\/2022\/04\/Nicole_professionnel_2-1024x688.png\" alt=\"\" class=\"wp-image-871 size-full\" srcset=\"https:\/\/cpaleo.uqam.ca\/wp-content\/uploads\/2022\/04\/Nicole_professionnel_2-1024x688.png 1024w, https:\/\/cpaleo.uqam.ca\/wp-content\/uploads\/2022\/04\/Nicole_professionnel_2-300x201.png 300w, https:\/\/cpaleo.uqam.ca\/wp-content\/uploads\/2022\/04\/Nicole_professionnel_2-768x516.png 768w, https:\/\/cpaleo.uqam.ca\/wp-content\/uploads\/2022\/04\/Nicole_professionnel_2-1536x1031.png 1536w, https:\/\/cpaleo.uqam.ca\/wp-content\/uploads\/2022\/04\/Nicole_professionnel_2-2048x1375.png 2048w\" sizes=\"auto, (max-width: 1024px) 100vw, 1024px\" \/><\/figure><div class=\"wp-block-media-text__content\">\n<p class=\"has-medium-font-size\">Nicole K. Sanderson (Ph. D.) | Research professional (2020 - present)<\/p>\n\n\n\n<p>GEOTOP and CEN member&nbsp;<br>Email: <a href=\"mailto:sanderson.nicole@uqam.ca\" data-type=\"mailto\" data-id=\"mailto:sanderson.nicole@uqam.ca\" target=\"_blank\" rel=\"noreferrer noopener\">sanderson.nicole@uqam.ca<\/a><br>Phone: \u00a0(514) 987-3000 ext. 20732<br>Room: A-4125<\/p>\n\n\n\n<p>In charge of northern Qu\u00e9bec projects<\/p>\n\n\n\n<p>Postdoctoral intern (2017-2020)<br><em>Recent changes (~100 years) in carbon accumulation in high-latitudes Canadian peatlands and their potential C sink capacity <\/em>(2019-2020)<br><em>Preliminary estimate of carbon stocks and sinks in Qu\u00e9bec wetlands. Estimation of recent carbon accumulation in relation to global warming. <\/em>(2017-2018)<\/p>\n<\/div><\/div>\n\n\n\n<p class=\"has-text-align-center\" style=\"font-size:30px\">Former research professionals<\/p>\n\n\n\n<div class=\"wp-block-media-text alignwide is-stacked-on-mobile\"><figure class=\"wp-block-media-text__media\"><img loading=\"lazy\" decoding=\"async\" width=\"1024\" height=\"683\" src=\"https:\/\/cpaleo.uqam.ca\/wp-content\/uploads\/2022\/04\/DSC_0479-1024x683.jpg\" alt=\"\" class=\"wp-image-861 size-full\" srcset=\"https:\/\/cpaleo.uqam.ca\/wp-content\/uploads\/2022\/04\/DSC_0479-1024x683.jpg 1024w, https:\/\/cpaleo.uqam.ca\/wp-content\/uploads\/2022\/04\/DSC_0479-300x200.jpg 300w, https:\/\/cpaleo.uqam.ca\/wp-content\/uploads\/2022\/04\/DSC_0479-768x512.jpg 768w, https:\/\/cpaleo.uqam.ca\/wp-content\/uploads\/2022\/04\/DSC_0479-1536x1024.jpg 1536w, https:\/\/cpaleo.uqam.ca\/wp-content\/uploads\/2022\/04\/DSC_0479-2048x1365.jpg 2048w\" sizes=\"auto, (max-width: 1024px) 100vw, 1024px\" \/><\/figure><div class=\"wp-block-media-text__content\">\n<p class=\"has-medium-font-size\">Chlo\u00e9 Giraud (B. Sc.) | Research support professional (2021-2022)<\/p>\n\n\n\n<p>Participating in updating the C-PALEO database and the C-PALEO website&nbsp;<br>In charge of developing partnerships with northern communities for the conservation of carbon stocks in Qu\u00e9bec's northern ecosystems.<\/p>\n<\/div><\/div>\n\n\n\n<div class=\"wp-block-media-text alignwide is-stacked-on-mobile\"><figure class=\"wp-block-media-text__media\"><img loading=\"lazy\" decoding=\"async\" width=\"1024\" height=\"630\" src=\"https:\/\/cpaleo.uqam.ca\/wp-content\/uploads\/2022\/04\/photoprofil_LouisMartin-4-1024x630.jpg\" alt=\"\" class=\"wp-image-1010 size-full\" srcset=\"https:\/\/cpaleo.uqam.ca\/wp-content\/uploads\/2022\/04\/photoprofil_LouisMartin-4-1024x630.jpg 1024w, https:\/\/cpaleo.uqam.ca\/wp-content\/uploads\/2022\/04\/photoprofil_LouisMartin-4-300x184.jpg 300w, https:\/\/cpaleo.uqam.ca\/wp-content\/uploads\/2022\/04\/photoprofil_LouisMartin-4-768x472.jpg 768w, https:\/\/cpaleo.uqam.ca\/wp-content\/uploads\/2022\/04\/photoprofil_LouisMartin-4-1536x944.jpg 1536w, https:\/\/cpaleo.uqam.ca\/wp-content\/uploads\/2022\/04\/photoprofil_LouisMartin-4-2048x1259.jpg 2048w\" sizes=\"auto, (max-width: 1024px) 100vw, 1024px\" \/><\/figure><div class=\"wp-block-media-text__content\">\n<p class=\"has-medium-font-size\">Louis-Martin Pilote (M. Sc.) |  Research support professional (2018)&nbsp;<\/p>\n\n\n\n<p>In charge of Paleoecology and carbon sequestration&nbsp;<\/p>\n<\/div><\/div>\n\n\n\n<div class=\"wp-block-media-text alignwide is-stacked-on-mobile\"><figure class=\"wp-block-media-text__media\"><img loading=\"lazy\" decoding=\"async\" width=\"1011\" height=\"606\" src=\"https:\/\/cpaleo.uqam.ca\/wp-content\/uploads\/2022\/04\/PierreTaillardat1.jpg\" alt=\"\" class=\"wp-image-1016 size-full\" srcset=\"https:\/\/cpaleo.uqam.ca\/wp-content\/uploads\/2022\/04\/PierreTaillardat1.jpg 1011w, https:\/\/cpaleo.uqam.ca\/wp-content\/uploads\/2022\/04\/PierreTaillardat1-300x180.jpg 300w, https:\/\/cpaleo.uqam.ca\/wp-content\/uploads\/2022\/04\/PierreTaillardat1-768x460.jpg 768w\" sizes=\"auto, (max-width: 1011px) 100vw, 1011px\" \/><\/figure><div class=\"wp-block-media-text__content\">\n<p class=\"has-medium-font-size\">Pierre Taillardat (Ph. D.) | Postdoctoral intern (2018-2020)<\/p>\n\n\n\n<p><em>Bilan carbone \u00e9cosyst\u00e9mique net d\u2019une tourbi\u00e8re nordique (La Romaine, Qu\u00e9bec, Canada) Atmospheric carbon fluxes from a boreal peatland \u2013 La Romaine case study<\/em> &nbsp;(2018 &#8211; 2020)<br><\/p>\n<\/div><\/div>\n\n\n\n<div class=\"wp-block-media-text alignwide is-stacked-on-mobile\"><figure class=\"wp-block-media-text__media\"><img loading=\"lazy\" decoding=\"async\" width=\"1024\" height=\"683\" src=\"https:\/\/cpaleo.uqam.ca\/wp-content\/uploads\/2022\/04\/SimonvanBellen1-1024x683.jpg\" alt=\"\" class=\"wp-image-1018 size-full\" srcset=\"https:\/\/cpaleo.uqam.ca\/wp-content\/uploads\/2022\/04\/SimonvanBellen1-1024x683.jpg 1024w, https:\/\/cpaleo.uqam.ca\/wp-content\/uploads\/2022\/04\/SimonvanBellen1-300x200.jpg 300w, https:\/\/cpaleo.uqam.ca\/wp-content\/uploads\/2022\/04\/SimonvanBellen1-768x512.jpg 768w, https:\/\/cpaleo.uqam.ca\/wp-content\/uploads\/2022\/04\/SimonvanBellen1-1536x1024.jpg 1536w, https:\/\/cpaleo.uqam.ca\/wp-content\/uploads\/2022\/04\/SimonvanBellen1-2048x1365.jpg 2048w\" sizes=\"auto, (max-width: 1024px) 100vw, 1024px\" \/><\/figure><div class=\"wp-block-media-text__content\">\n<p class=\"has-medium-font-size\">Simon van Bellen (Ph. D.) | Postdoctoral intern (2015-2017)<\/p>\n\n\n\n<p><em>Modelling of peatland paleohydrology, northern Quebec<\/em> (2016-2017)&nbsp;<br><em>Quantification of carbon stocks in the Quebec province<\/em> (2015-2016)&nbsp;<br><\/p>\n<\/div><\/div>\n\n\n\n<div class=\"wp-block-media-text alignwide is-stacked-on-mobile\"><figure class=\"wp-block-media-text__media\"><img loading=\"lazy\" decoding=\"async\" width=\"1024\" height=\"685\" src=\"https:\/\/cpaleo.uqam.ca\/wp-content\/uploads\/2022\/04\/DSC00245-1-1024x685.jpg\" alt=\"\" class=\"wp-image-1009 size-full\" srcset=\"https:\/\/cpaleo.uqam.ca\/wp-content\/uploads\/2022\/04\/DSC00245-1-1024x685.jpg 1024w, https:\/\/cpaleo.uqam.ca\/wp-content\/uploads\/2022\/04\/DSC00245-1-300x201.jpg 300w, https:\/\/cpaleo.uqam.ca\/wp-content\/uploads\/2022\/04\/DSC00245-1-768x514.jpg 768w, https:\/\/cpaleo.uqam.ca\/wp-content\/uploads\/2022\/04\/DSC00245-1-1536x1028.jpg 1536w, https:\/\/cpaleo.uqam.ca\/wp-content\/uploads\/2022\/04\/DSC00245-1-2048x1371.jpg 2048w\" sizes=\"auto, (max-width: 1024px) 100vw, 1024px\" \/><\/figure><div class=\"wp-block-media-text__content\">\n<p class=\"has-medium-font-size\">Hans Asnong (M. Sc.) | Research professional (2004-2013)<\/p>\n\n\n\n<p>In charge of Paleoecology and carbon sequestration&nbsp;<br>Coordinator of the D\u00c9CLIQUE research chair<\/p>\n<\/div><\/div>\n\n\n\n<div class=\"wp-block-media-text alignwide is-stacked-on-mobile\"><figure class=\"wp-block-media-text__media\"><img loading=\"lazy\" decoding=\"async\" width=\"1024\" height=\"683\" src=\"https:\/\/cpaleo.uqam.ca\/wp-content\/uploads\/2022\/04\/IMG_1861-1024x683.jpg\" alt=\"\" class=\"wp-image-973 size-full\" srcset=\"https:\/\/cpaleo.uqam.ca\/wp-content\/uploads\/2022\/04\/IMG_1861-1024x683.jpg 1024w, https:\/\/cpaleo.uqam.ca\/wp-content\/uploads\/2022\/04\/IMG_1861-300x200.jpg 300w, https:\/\/cpaleo.uqam.ca\/wp-content\/uploads\/2022\/04\/IMG_1861-768x512.jpg 768w, https:\/\/cpaleo.uqam.ca\/wp-content\/uploads\/2022\/04\/IMG_1861-1536x1024.jpg 1536w, https:\/\/cpaleo.uqam.ca\/wp-content\/uploads\/2022\/04\/IMG_1861-2048x1365.jpg 2048w\" sizes=\"auto, (max-width: 1024px) 100vw, 1024px\" \/><\/figure><div class=\"wp-block-media-text__content\">\n<p class=\"has-medium-font-size\">Alexandre Lamarre (M. Sc.) | Research assistant (2011)<\/p>\n\n\n\n<p>In charge of paleoecology and paleohydrology of peat ecosystems<\/p>\n<\/div><\/div>\n\n\n\n<div class=\"wp-block-media-text alignwide is-stacked-on-mobile\"><figure class=\"wp-block-media-text__media\"><img loading=\"lazy\" decoding=\"async\" width=\"1024\" height=\"768\" src=\"https:\/\/cpaleo.uqam.ca\/wp-content\/uploads\/2022\/04\/La-Grande7-1024x768.jpg\" alt=\"\" class=\"wp-image-1250 size-full\" srcset=\"https:\/\/cpaleo.uqam.ca\/wp-content\/uploads\/2022\/04\/La-Grande7-1024x768.jpg 1024w, https:\/\/cpaleo.uqam.ca\/wp-content\/uploads\/2022\/04\/La-Grande7-300x225.jpg 300w, https:\/\/cpaleo.uqam.ca\/wp-content\/uploads\/2022\/04\/La-Grande7-768x576.jpg 768w, https:\/\/cpaleo.uqam.ca\/wp-content\/uploads\/2022\/04\/La-Grande7.jpg 1280w\" sizes=\"auto, (max-width: 1024px) 100vw, 1024px\" \/><\/figure><div class=\"wp-block-media-text__content\">\n<p class=\"has-medium-font-size\">Luc Pelletier (Ph. D.) | Research professional (2010)<\/p>\n\n\n\n<p>In charge of GHG and surface dynamics<\/p>\n<\/div><\/div>\n\n\n\n<p><a>&nbsp;&nbsp;&nbsp;<\/a><\/p>","protected":false},"excerpt":{"rendered":"<p>Professionnel.le.s de recherche actuel.le.s David Trejo (B. Sc.) | Agent de support \u00e0 la recherche, projet CARBONIQUE (2024 &#8211; \u00e0 ce jour)&nbsp;&nbsp; Membre du GEOTOP et du GRILCourriel&nbsp;: trejo_cancino.david_ulises@uqam.caLocal&nbsp;: SB-2210 Installation, entretien et utilisation d&rsquo;\u00e9quipements de pointe afin d&rsquo;assurer la pr\u00e9cision de la collecte des donn\u00e9es. Calibrage de l&rsquo;\u00e9quipement scientifique et maintenance de la base&#8230;<\/p>","protected":false},"author":4,"featured_media":0,"parent":0,"menu_order":0,"comment_status":"closed","ping_status":"closed","template":"","meta":{"_kad_post_transparent":"","_kad_post_title":"","_kad_post_layout":"","_kad_post_sidebar_id":"","_kad_post_content_style":"","_kad_post_vertical_padding":"","_kad_post_feature":"","_kad_post_feature_position":"","_kad_post_header":false,"_kad_post_footer":false,"_kad_post_classname":"","footnotes":""},"class_list":["post-119","page","type-page","status-publish","hentry"],"_links":{"self":[{"href":"https:\/\/cpaleo.uqam.ca\/en\/wp-json\/wp\/v2\/pages\/119","targetHints":{"allow":["GET"]}}],"collection":[{"href":"https:\/\/cpaleo.uqam.ca\/en\/wp-json\/wp\/v2\/pages"}],"about":[{"href":"https:\/\/cpaleo.uqam.ca\/en\/wp-json\/wp\/v2\/types\/page"}],"author":[{"embeddable":true,"href":"https:\/\/cpaleo.uqam.ca\/en\/wp-json\/wp\/v2\/users\/4"}],"replies":[{"embeddable":true,"href":"https:\/\/cpaleo.uqam.ca\/en\/wp-json\/wp\/v2\/comments?post=119"}],"version-history":[{"count":39,"href":"https:\/\/cpaleo.uqam.ca\/en\/wp-json\/wp\/v2\/pages\/119\/revisions"}],"predecessor-version":[{"id":2144,"href":"https:\/\/cpaleo.uqam.ca\/en\/wp-json\/wp\/v2\/pages\/119\/revisions\/2144"}],"wp:attachment":[{"href":"https:\/\/cpaleo.uqam.ca\/en\/wp-json\/wp\/v2\/media?parent=119"}],"curies":[{"name":"wp","href":"https:\/\/api.w.org\/{rel}","templated":true}]}}